{"id":900,"date":"2025-09-18T12:30:55","date_gmt":"2025-09-18T10:30:55","guid":{"rendered":"https:\/\/www.diliplast.it\/produzione-capsule-caffe\/dilimio-capsule-compatibili-a-modo-mio\/"},"modified":"2025-10-15T14:30:00","modified_gmt":"2025-10-15T12:30:00","slug":"dilimio-compatible-capsules-for-a-modo-mio","status":"publish","type":"page","link":"https:\/\/www.diliplast.it\/en\/production-coffe-capsules\/dilimio-compatible-capsules-for-a-modo-mio\/","title":{"rendered":"Dilimio"},"content":{"rendered":"<div class=\"wpb-content-wrapper\"><p>[vc_row css_animation=&#8221;&#8221; row_type=&#8221;row&#8221; use_row_as_full_screen_section=&#8221;no&#8221; type=&#8221;full_width&#8221; angled_section=&#8221;no&#8221; text_align=&#8221;left&#8221; background_image_as_pattern=&#8221;without_pattern&#8221; z_index=&#8221;&#8221;][vc_column][qode_elements_holder number_of_columns=&#8221;two_columns&#8221; switch_to_one_column=&#8221;1000&#8243;][qode_elements_holder_item vertical_alignment=&#8221;middle&#8221; advanced_animations=&#8221;no&#8221; item_padding=&#8221;0px 80px 0px 120px&#8221; custom_class=&#8221;column-responsive-reverse-1000&#8243; item_padding_1280_1440=&#8221;0px 0px 0px 80px&#8221; item_padding_1024_1280=&#8221;90px 0px 0px 60px&#8221; item_padding_768_1024=&#8221;0px 60px 60px 60px&#8221; item_padding_600_768=&#8221;0px 60px 60px 60px&#8221; item_padding_480_600=&#8221;0px 30px 60px 30px&#8221; item_padding_480=&#8221;0px 30px 60px 30px&#8221;][vc_column_text css=&#8221;&#8221; el_class=&#8221;h1-intro&#8221;]<\/p>\n<h1><span style=\"font-weight: 400;\">DILIMIO<\/span><br \/>\nCOMPATIBLE COFFEE CAPSULES FOR A MODO MIO\u00ae<\/h1>\n<p>[\/vc_column_text][vc_empty_space height=&#8221;30px&#8221;][vc_column_text css=&#8221;&#8221;]Single-dose capsule made of food-grade polypropylene (PP), designed to ensure excellent extraction performance and full compatibility with the main <strong>A Modo Mio\u00ae<\/strong> coffee machines.[\/vc_column_text][vc_empty_space height=&#8221;30px&#8221;]<a  itemprop=\"url\" href=\"https:\/\/www.diliplast.it\/en\/request-information\/\" target=\"_self\"  class=\"qbutton  default\" style=\"\">REQUEST INFORMATION<\/a>[\/qode_elements_holder_item][qode_elements_holder_item vertical_alignment=&#8221;top&#8221; advanced_animations=&#8221;no&#8221; custom_class=&#8221;column-responsive-reverse-1000&#8243; item_padding_768_1024=&#8221;0px 0px 40px 0px&#8221; item_padding_600_768=&#8221;0px 0px 40px 60px&#8221; item_padding_480_600=&#8221;20px 0px 20px 0px&#8221; item_padding_480=&#8221;20px 0px 20px 0px&#8221;][vc_single_image image=&#8221;895&#8243; img_size=&#8221;1080&#215;1080&#8243; alignment=&#8221;right&#8221; css=&#8221;&#8221; qode_css_animation=&#8221;&#8221;][\/qode_elements_holder_item][\/qode_elements_holder][vc_separator type=&#8221;normal&#8221; color=&#8221;#212224&#8243; transparency=&#8221;0.2&#8243; thickness=&#8221;1&#8243; up=&#8221;60&#8243; down=&#8221;60&#8243; el_class=&#8221;space-mobile-separator&#8221;][\/vc_column][\/vc_row][vc_row css_animation=&#8221;&#8221; row_type=&#8221;row&#8221; use_row_as_full_screen_section=&#8221;no&#8221; type=&#8221;full_width&#8221; angled_section=&#8221;no&#8221; text_align=&#8221;left&#8221; background_image_as_pattern=&#8221;without_pattern&#8221; el_class=&#8221;margin-fw-big&#8221; z_index=&#8221;&#8221;][vc_column offset=&#8221;vc_col-lg-offset-2 vc_col-lg-8 vc_col-md-offset-1 vc_col-md-10&#8243;][vc_empty_space height=&#8221;60px&#8221;][qode_elements_holder number_of_columns=&#8221;four_columns&#8221; switch_to_one_column=&#8221;600&#8243;][qode_elements_holder_item horizontal_alignment=&#8221;center&#8221; advanced_animations=&#8221;no&#8221; custom_class=&#8221;colonna-presentazione-prodotto&#8221;][vc_single_image image=&#8221;896&#8243; img_size=&#8221;800&#215;800&#8243; alignment=&#8221;center&#8221; css=&#8221;&#8221; qode_css_animation=&#8221;&#8221;][vc_column_text css=&#8221;&#8221;]<\/p>\n<h6>SIDE VIEW<\/h6>\n<p>[\/vc_column_text][\/qode_elements_holder_item][qode_elements_holder_item horizontal_alignment=&#8221;center&#8221; advanced_animations=&#8221;no&#8221; custom_class=&#8221;colonna-presentazione-prodotto bordo&#8221;][vc_single_image image=&#8221;897&#8243; img_size=&#8221;800&#215;800&#8243; alignment=&#8221;center&#8221; css=&#8221;&#8221; qode_css_animation=&#8221;&#8221;][vc_column_text css=&#8221;&#8221;]<\/p>\n<h6>TOP VIEW<\/h6>\n<p>[\/vc_column_text][\/qode_elements_holder_item][qode_elements_holder_item horizontal_alignment=&#8221;center&#8221; advanced_animations=&#8221;no&#8221; custom_class=&#8221;colonna-presentazione-prodotto&#8221;][vc_single_image image=&#8221;898&#8243; img_size=&#8221;800&#215;800&#8243; alignment=&#8221;center&#8221; css=&#8221;&#8221; qode_css_animation=&#8221;&#8221;][vc_column_text css=&#8221;&#8221;]<\/p>\n<h6>BOTTOM VIEW<\/h6>\n<p>[\/vc_column_text][\/qode_elements_holder_item][\/qode_elements_holder][\/vc_column][\/vc_row][vc_row css_animation=&#8221;&#8221; row_type=&#8221;row&#8221; use_row_as_full_screen_section=&#8221;no&#8221; type=&#8221;full_width&#8221; angled_section=&#8221;no&#8221; text_align=&#8221;left&#8221; background_image_as_pattern=&#8221;without_pattern&#8221; el_class=&#8221;margin-fw-big&#8221; z_index=&#8221;&#8221;][vc_column offset=&#8221;vc_col-lg-offset-2 vc_col-lg-8 vc_col-md-offset-1 vc_col-md-10&#8243;][vc_empty_space height=&#8221;0px&#8221; el_class=&#8221;empty-space-120&#8243;][vc_column_text css=&#8221;&#8221;]<\/p>\n<h3>Polypropylene capsule <br class=\"desktop-break\" \/>compatible with A Modo Mio\u00ae machines<\/h3>\n<p>[\/vc_column_text][vc_empty_space height=&#8221;20px&#8221;][vc_column_text css=&#8221;&#8221;]We manufacture our polypropylene capsules to deliver a creamy espresso with a rich, intense flavour, all the convenience of a single-dose format.\u2028Made from strong, food-safe material, our capsules ensure perfect compatibility with the main Dolce Gusto\u00ae coffee machines.\u2028Polypropylene not only helps preserve the coffee\u2019s aroma but is also a more sustainable choice: 100% recyclable and designed to withstand high temperatures without releasing unwanted substances.<br \/>\n[\/vc_column_text][vc_empty_space height=&#8221;0px&#8221; el_class=&#8221;empty-space-120&#8243;][\/vc_column][\/vc_row][vc_row css_animation=&#8221;&#8221; row_type=&#8221;row&#8221; use_row_as_full_screen_section=&#8221;no&#8221; type=&#8221;full_width&#8221; angled_section=&#8221;no&#8221; text_align=&#8221;left&#8221; background_image_as_pattern=&#8221;without_pattern&#8221; el_class=&#8221;margin-fw-big&#8221; z_index=&#8221;&#8221;][vc_column offset=&#8221;vc_col-lg-offset-2 vc_col-lg-8 vc_col-md-offset-1 vc_col-md-10&#8243;][vc_separator type=&#8221;normal&#8221; color=&#8221;#212224&#8243; thickness=&#8221;1&#8243; up=&#8221;0&#8243; down=&#8221;20&#8243;][vc_column_text css=&#8221;&#8221;]<\/p>\n<h5>TECHNICAL INFORMATION<\/h5>\n<p>[\/vc_column_text][vc_separator type=&#8221;normal&#8221; color=&#8221;#212224&#8243; thickness=&#8221;1&#8243; up=&#8221;20&#8243; down=&#8221;30&#8243;][vc_column_text css=&#8221;&#8221;]<strong>Material:<\/strong> Virgin food-grade polypropylene (PP05), 100% recyclable.[\/vc_column_text][vc_empty_space height=&#8221;10px&#8221;][vc_column_text css=&#8221;&#8221;]<strong>Application:<\/strong> A single solution for both coffee and soluble powders, helping to optimise stock management.[\/vc_column_text][vc_empty_space height=&#8221;10px&#8221;][vc_column_text css=&#8221;&#8221;]<strong>Dimensional stability:<\/strong> Maintained throughout the entire brewing process, even at high temperatures and pressures.[\/vc_column_text][vc_empty_space height=&#8221;10px&#8221;][vc_column_text css=&#8221;&#8221;]<strong>Capsule base:<\/strong> Very thin thickness for easy perforation in coffee machines.[\/vc_column_text][vc_empty_space height=&#8221;10px&#8221;][vc_column_text css=&#8221;&#8221;]<strong>Calibrated weight:<\/strong> Ensures a steady flow on packaging lines.[\/vc_column_text][vc_empty_space height=&#8221;10px&#8221;][vc_column_text css=&#8221;&#8221;]<strong>Decorative design:<\/strong> Combines functionality with aesthetics.[\/vc_column_text][\/vc_column][\/vc_row][vc_row css_animation=&#8221;&#8221; row_type=&#8221;row&#8221; use_row_as_full_screen_section=&#8221;no&#8221; type=&#8221;full_width&#8221; angled_section=&#8221;no&#8221; text_align=&#8221;left&#8221; background_image_as_pattern=&#8221;without_pattern&#8221; el_class=&#8221;margin-fw-big&#8221; z_index=&#8221;&#8221;][vc_column offset=&#8221;vc_col-lg-offset-2 vc_col-lg-8 vc_col-md-offset-1 vc_col-md-10&#8243;][vc_empty_space height=&#8221;60px&#8221;][vc_separator type=&#8221;normal&#8221; color=&#8221;#212224&#8243; thickness=&#8221;1&#8243; up=&#8221;0&#8243; down=&#8221;20&#8243;][vc_column_text css=&#8221;&#8221;]<\/p>\n<h5>AVAILABLE COLOURS<\/h5>\n<p>[\/vc_column_text][vc_separator type=&#8221;normal&#8221; color=&#8221;#212224&#8243; thickness=&#8221;1&#8243; up=&#8221;20&#8243; down=&#8221;30&#8243;][vc_column_text css=&#8221;&#8221;]The coffee capsule is always available in <strong>black<\/strong>.<br \/>\nOn request, the capsule colour can be customised to meet specific requirements.[\/vc_column_text][vc_empty_space height=&#8221;0px&#8221; el_class=&#8221;empty-space-120&#8243;][\/vc_column][\/vc_row][vc_row css_animation=&#8221;&#8221; row_type=&#8221;row&#8221; use_row_as_full_screen_section=&#8221;no&#8221; type=&#8221;full_width&#8221; angled_section=&#8221;no&#8221; text_align=&#8221;center&#8221; background_image_as_pattern=&#8221;without_pattern&#8221; el_class=&#8221;margin-fw-big&#8221; z_index=&#8221;&#8221; css=&#8221;.vc_custom_1758286939025{background-color: #212224 !important;}&#8221;][vc_column offset=&#8221;vc_col-lg-offset-2 vc_col-lg-8 vc_col-md-offset-1 vc_col-md-10&#8243;][vc_empty_space height=&#8221;0px&#8221; el_class=&#8221;empty-space-120&#8243;][vc_column_text css=&#8221;&#8221; el_class=&#8221;white-text&#8221;]<\/p>\n<h4><strong>A <span style=\"color: var(--red);\">reliable and versatile<\/span> A Modo Mio\u00ae compatible coffee capsule, designed for roasters and packers seeking a high-performance, safe solution that keeps pace with market evolution.<\/strong><\/h4>\n<p>[\/vc_column_text][vc_empty_space height=&#8221;30px&#8221;]<a  itemprop=\"url\" href=\"https:\/\/www.diliplast.it\/en\/request-information\/\" target=\"_self\"  class=\"qbutton  default\" style=\"\">REQUEST INFORMATION<\/a>[vc_empty_space height=&#8221;0px&#8221; el_class=&#8221;empty-space-120&#8243;][\/vc_column][\/vc_row][vc_row css_animation=&#8221;&#8221; row_type=&#8221;row&#8221; use_row_as_full_screen_section=&#8221;no&#8221; type=&#8221;grid&#8221; angled_section=&#8221;no&#8221; text_align=&#8221;center&#8221; background_image_as_pattern=&#8221;without_pattern&#8221; z_index=&#8221;&#8221;][vc_column][vc_empty_space height=&#8221;0px&#8221; el_class=&#8221;empty-space-120&#8243;][vc_column_text css=&#8221;&#8221;]<\/p>\n<h3>OTHER COMPATIBLE COFFEE CAPSULES<\/h3>\n<p>[\/vc_column_text][vc_empty_space height=&#8221;30px&#8221;][\/vc_column][\/vc_row][vc_row css_animation=&#8221;&#8221; row_type=&#8221;row&#8221; use_row_as_full_screen_section=&#8221;no&#8221; type=&#8221;full_width&#8221; angled_section=&#8221;no&#8221; text_align=&#8221;center&#8221; background_image_as_pattern=&#8221;without_pattern&#8221; el_class=&#8221;margin-fw-big row-altre-capsule&#8221; z_index=&#8221;&#8221;][vc_column el_class=&#8221;colonna-correlati&#8221; css=&#8221;.vc_custom_1758288059721{padding-right: 0px !important;padding-left: 0px !important;}&#8221; offset=&#8221;vc_col-lg-1\/5 vc_col-md-6&#8243;][vc_single_image image=&#8221;863&#8243; img_size=&#8221;430&#215;430&#8243; alignment=&#8221;center&#8221; onclick=&#8221;custom_link&#8221; css=&#8221;&#8221; qode_css_animation=&#8221;&#8221; link=&#8221;https:\/\/www.diliplast.it\/en\/production-coffe-capsules\/dili-d-compatible-capsules-for-dolce-gusto\/&#8221;][vc_raw_html css=&#8221;&#8221;]JTNDYSUyMGhyZWYlM0QlMjJodHRwcyUzQSUyRiUyRmRpbGlwbGFzdC5pdCUyRmVuJTJGcHJvZHVjdGlvbi1jb2ZmZS1jYXBzdWxlcyUyRmRpbGktZC1jb21wYXRpYmxlLWNhcHN1bGVzLWZvci1kb2xjZS1ndXN0byUyRiUyMiUzRSUzQ2RpdiUyMGNsYXNzJTNEJTIydGVzdG8tcHJvZG90dG8lMjIlM0UlMEElM0NwJTIwY2xhc3MlM0QlMjJ0aXBvbG9naWEtcHJvZG90dG8lMjIlM0VDT0ZGRUUlMjBDQVBTVUxFUyUzQyUyRnAlM0UlMEElM0NwJTIwY2xhc3MlM0QlMjJub21lLXByb2RvdHRvJTIyJTNFRElMSS1EJTNDJTJGcCUzRSUwQSUzQ3AlMjBjbGFzcyUzRCUyMmNvbXBhdGliaWxlJTIyJTNFJTNDc3BhbiUyMGNsYXNzJTNEJTIybGlnaHQlMjIlM0VDT01QQVRJQkxFJTIwV0lUSCUzQyUyRnNwYW4lM0UlMjBET0xDRSUyMEdVU1RPJUMyJUFFJTNDJTJGcCUzRSUwQSUzQyUyRmRpdiUzRSUzQyUyRmElM0U=[\/vc_raw_html][\/vc_column][vc_column el_class=&#8221;colonna-correlati&#8221; offset=&#8221;vc_col-lg-1\/5 vc_col-md-6&#8243; css=&#8221;.vc_custom_1758288233177{padding-right: 0px !important;padding-left: 0px !important;}&#8221;][vc_single_image image=&#8221;864&#8243; img_size=&#8221;430&#215;430&#8243; alignment=&#8221;center&#8221; onclick=&#8221;custom_link&#8221; css=&#8221;&#8221; qode_css_animation=&#8221;&#8221; link=&#8221;https:\/\/www.diliplast.it\/en\/production-coffe-capsules\/whatelse-compatible-capsules-for-nespresso\/&#8221;][vc_raw_html css=&#8221;&#8221;]JTNDYSUyMGhyZWYlM0QlMjJodHRwcyUzQSUyRiUyRmRpbGlwbGFzdC5pdCUyRmVuJTJGcHJvZHVjdGlvbi1jb2ZmZS1jYXBzdWxlcyUyRndoYXRlbHNlLWNvbXBhdGlibGUtY2Fwc3VsZXMtZm9yLW5lc3ByZXNzbyUyRiUyMiUzRSUzQ2RpdiUyMGNsYXNzJTNEJTIydGVzdG8tcHJvZG90dG8lMjIlM0UlMEElM0NwJTIwY2xhc3MlM0QlMjJ0aXBvbG9naWEtcHJvZG90dG8lMjIlM0VDT0ZGRUUlMjBDQVBTVUxFUyUzQyUyRnAlM0UlMEElM0NwJTIwY2xhc3MlM0QlMjJub21lLXByb2RvdHRvJTIyJTNFV0hBVEVMU0UlM0MlMkZwJTNFJTBBJTNDcCUyMGNsYXNzJTNEJTIyY29tcGF0aWJpbGUlMjIlM0UlM0NzcGFuJTIwY2xhc3MlM0QlMjJsaWdodCUyMiUzRUNPTVBBVElCTEUlMjBXSVRIJTNDJTJGc3BhbiUzRSUyME5FU1BSRVNTTyVDMiVBRSUzQyUyRnAlM0UlMEElM0MlMkZkaXYlM0UlM0MlMkZhJTNF[\/vc_raw_html][\/vc_column][vc_column offset=&#8221;vc_col-lg-1\/5 vc_col-md-6&#8243; el_class=&#8221;colonna-correlati&#8221; css=&#8221;.vc_custom_1758288238438{padding-right: 0px !important;padding-left: 0px !important;}&#8221;][vc_single_image image=&#8221;883&#8243; img_size=&#8221;430&#215;430&#8243; alignment=&#8221;center&#8221; onclick=&#8221;custom_link&#8221; css=&#8221;&#8221; qode_css_animation=&#8221;&#8221; link=&#8221;https:\/\/www.diliplast.it\/en\/production-coffe-capsules\/dicoffee-compatible-capsules-for-lavazza\/&#8221;][vc_raw_html css=&#8221;&#8221;]JTNDYSUyMGhyZWYlM0QlMjJodHRwcyUzQSUyRiUyRmRpbGlwbGFzdC5pdCUyRmVuJTJGcHJvZHVjdGlvbi1jb2ZmZS1jYXBzdWxlcyUyRmRpY29mZmVlLWNvbXBhdGlibGUtY2Fwc3VsZXMtZm9yLWxhdmF6emElMkYlMjIlM0UlM0NkaXYlMjBjbGFzcyUzRCUyMnRlc3RvLXByb2RvdHRvJTIyJTNFJTBBJTNDcCUyMGNsYXNzJTNEJTIydGlwb2xvZ2lhLXByb2RvdHRvJTIyJTNFQ09GRkVFJTIwQ0FQU1VMRVMlM0MlMkZwJTNFJTBBJTNDcCUyMGNsYXNzJTNEJTIybm9tZS1wcm9kb3R0byUyMiUzRURJQ09GRkVFJTNDJTJGcCUzRSUwQSUzQ3AlMjBjbGFzcyUzRCUyMmNvbXBhdGliaWxlJTIyJTNFJTNDc3BhbiUyMGNsYXNzJTNEJTIybGlnaHQlMjIlM0VDT01QQVRJQkxFJTIwV0lUSCUzQyUyRnNwYW4lM0UlMjBMQVZBWlpBJUMyJUFFJTNDJTJGcCUzRSUwQSUzQyUyRmRpdiUzRSUzQyUyRmElM0U=[\/vc_raw_html][\/vc_column][vc_column offset=&#8221;vc_col-lg-1\/5 vc_col-md-6&#8243; el_class=&#8221;colonna-correlati&#8221; css=&#8221;.vc_custom_1758288244843{padding-right: 0px !important;padding-left: 0px !important;}&#8221;][vc_single_image image=&#8221;866&#8243; img_size=&#8221;430&#215;430&#8243; alignment=&#8221;center&#8221; onclick=&#8221;custom_link&#8221; css=&#8221;&#8221; qode_css_animation=&#8221;&#8221; link=&#8221;https:\/\/www.diliplast.it\/en\/production-coffe-capsules\/dilifiore-compatible-capsules-for-fior-fiore\/&#8221;][vc_raw_html css=&#8221;&#8221;]JTNDYSUyMGhyZWYlM0QlMjJodHRwcyUzQSUyRiUyRmRpbGlwbGFzdC5pdCUyRmVuJTJGcHJvZHVjdGlvbi1jb2ZmZS1jYXBzdWxlcyUyRmRpbGlmaW9yZS1jb21wYXRpYmxlLWNhcHN1bGVzLWZvci1maW9yLWZpb3JlJTJGJTIyJTNFJTNDZGl2JTIwY2xhc3MlM0QlMjJ0ZXN0by1wcm9kb3R0byUyMiUzRSUwQSUzQ3AlMjBjbGFzcyUzRCUyMnRpcG9sb2dpYS1wcm9kb3R0byUyMiUzRUNPRkZFRSUyMENBUFNVTEVTJTNDJTJGcCUzRSUwQSUzQ3AlMjBjbGFzcyUzRCUyMm5vbWUtcHJvZG90dG8lMjIlM0VESUxJRklPUkUlM0MlMkZwJTNFJTBBJTNDcCUyMGNsYXNzJTNEJTIyY29tcGF0aWJpbGUlMjIlM0UlM0NzcGFuJTIwY2xhc3MlM0QlMjJsaWdodCUyMiUzRUNPTVBBVElCTEUlMjBXSVRIJTNDJTJGc3BhbiUzRSUyMEZJT1JGSU9SRSVDMiVBRSUzQyUyRnAlM0UlMEElM0MlMkZkaXYlM0UlM0MlMkZhJTNF[\/vc_raw_html][\/vc_column][vc_column offset=&#8221;vc_col-lg-1\/5&#8243; el_class=&#8221;colonna-correlati black-column&#8221; css=&#8221;.vc_custom_1758288256197{padding-right: 0px !important;padding-left: 0px !important;}&#8221;][vc_single_image image=&#8221;867&#8243; img_size=&#8221;430&#215;430&#8243; alignment=&#8221;center&#8221; onclick=&#8221;custom_link&#8221; css=&#8221;&#8221; qode_css_animation=&#8221;&#8221; link=&#8221;https:\/\/www.diliplast.it\/en\/design-and-moulding-custom-coffee-capsules\/&#8221;][vc_raw_html css=&#8221;&#8221;]JTNDYSUyMGhyZWYlM0QlMjJodHRwcyUzQSUyRiUyRmRpbGlwbGFzdC5pdCUyRmVuJTJGZGVzaWduLWFuZC1tb3VsZGluZy1jdXN0b20tY29mZmVlLWNhcHN1bGVzJTJGJTIyJTNFJTNDZGl2JTIwY2xhc3MlM0QlMjJ0ZXN0by1wcm9kb3R0byUyMiUzRSUwQSUzQ3AlMjBjbGFzcyUzRCUyMnRpcG9sb2dpYS1wcm9kb3R0byUyMiUzRUNPRkZFRSUyMENBUFNVTEVTJTNDJTJGcCUzRSUwQSUzQ3AlMjBjbGFzcyUzRCUyMm5vbWUtcHJvZG90dG8lMjIlM0VDVVNUT00tREVTSUdORUQlM0MlMkZwJTNFJTBBJTNDcCUyMGNsYXNzJTNEJTIyZGVzY3JpemlvbmUlMjIlM0VXZSUyMGRlc2lnbiUyMHRhaWxvci1tYWRlJTIwY2Fwc3VsZXMlMjB3aXRoJTIwZm9ybWF0cyUyMGNyZWF0ZWQlMjBleGNsdXNpdmVseSUyMGZvciUyMGVhY2glMjBpbmRpdmlkdWFsJTIwY2xpZW50LiUzQyUyRnAlM0UlMEElM0MlMkZkaXYlM0UlM0MlMkZhJTNF[\/vc_raw_html][\/vc_column][\/vc_row][vc_row css_animation=&#8221;&#8221; row_type=&#8221;row&#8221; use_row_as_full_screen_section=&#8221;no&#8221; type=&#8221;full_width&#8221; angled_section=&#8221;no&#8221; text_align=&#8221;center&#8221; background_image_as_pattern=&#8221;without_pattern&#8221; z_index=&#8221;&#8221; el_class=&#8221;margin-fw-big&#8221;][vc_column offset=&#8221;vc_col-lg-offset-2 vc_col-lg-8 vc_col-md-offset-1 vc_col-md-10&#8243;][vc_empty_space height=&#8221;0px&#8221; el_class=&#8221;empty-space-240&#8243;][vc_column_text css=&#8221;&#8221; el_class=&#8221;h2-big&#8221;]<\/p>\n<h2>Conformit\u00e0 <span class=\"bg-testo-rosso\">MOCA<\/span><\/h2>\n<p>[\/vc_column_text][vc_empty_space height=&#8221;10px&#8221;][vc_column_text css=&#8221;&#8221;]<\/p>\n<h4>Materiali ed Oggetti a Contatto con Alimenti<\/h4>\n<p>[\/vc_column_text][vc_empty_space height=&#8221;20px&#8221;][vc_column_text css=&#8221;&#8221; el_class=&#8221;padding-text-moca&#8221;]Siamo specializzati nella produzione di capsule per caff\u00e8 realizzate con materiali conformi alla normativa MOCA (Materiali e Oggetti a Contatto con Alimenti). Ogni capsula \u00e8 progettata per garantire sicurezza, qualit\u00e0 e rispetto degli standard europei in materia di imballaggi alimentari.[\/vc_column_text][vc_empty_space height=&#8221;0px&#8221; el_class=&#8221;empty-space-240&#8243;][\/vc_column][\/vc_row]<\/p>\n<\/div>","protected":false},"excerpt":{"rendered":"<p>[vc_row css_animation=&#8221;&#8221; row_type=&#8221;row&#8221; use_row_as_full_screen_section=&#8221;no&#8221; type=&#8221;full_width&#8221; angled_section=&#8221;no&#8221; text_align=&#8221;left&#8221; background_image_as_pattern=&#8221;without_pattern&#8221; z_index=&#8221;&#8221;][vc_column][qode_elements_holder number_of_columns=&#8221;two_columns&#8221; switch_to_one_column=&#8221;1000&#8243;][qode_elements_holder_item vertical_alignment=&#8221;middle&#8221; advanced_animations=&#8221;no&#8221; item_padding=&#8221;0px 80px 0px 120px&#8221; custom_class=&#8221;column-responsive-reverse-1000&#8243; item_padding_1280_1440=&#8221;0px 0px 0px 80px&#8221; item_padding_1024_1280=&#8221;90px 0px 0px 60px&#8221; item_padding_768_1024=&#8221;0px 60px 60px 60px&#8221; item_padding_600_768=&#8221;0px 60px 60px 60px&#8221; item_padding_480_600=&#8221;0px 30px 60px 30px&#8221; item_padding_480=&#8221;0px 30px 60px 30px&#8221;][vc_column_text css=&#8221;&#8221; el_class=&#8221;h1-intro&#8221;] DILIMIO&#8230;<\/p>\n","protected":false},"author":2,"featured_media":0,"parent":858,"menu_order":0,"comment_status":"closed","ping_status":"closed","template":"full_width.php","meta":{"footnotes":""},"class_list":["post-900","page","type-page","status-publish","hentry"],"yoast_head":"<!-- This site is optimized with the Yoast SEO plugin v26.1.1 - https:\/\/yoast.com\/wordpress\/plugins\/seo\/ -->\n<title>Production of empty A Modo Mio\u00ae compatible coffee capsules<\/title>\n<meta name=\"description\" content=\"Empty coffee capsules compatible with all major A Modo Mio\u00ae coffee machines. Made from durable, food-safe material.\" \/>\n<meta name=\"robots\" content=\"index, follow, max-snippet:-1, max-image-preview:large, max-video-preview:-1\" \/>\n<link rel=\"canonical\" href=\"https:\/\/www.diliplast.it\/en\/production-coffe-capsules\/dilimio-compatible-capsules-for-a-modo-mio\/\" \/>\n<meta property=\"og:locale\" content=\"en_US\" \/>\n<meta property=\"og:type\" content=\"article\" \/>\n<meta property=\"og:title\" content=\"Production of empty A Modo Mio\u00ae compatible coffee capsules\" \/>\n<meta property=\"og:description\" content=\"Empty coffee capsules compatible with all major A Modo Mio\u00ae coffee machines. Made from durable, food-safe material.\" \/>\n<meta property=\"og:url\" content=\"https:\/\/www.diliplast.it\/en\/production-coffe-capsules\/dilimio-compatible-capsules-for-a-modo-mio\/\" \/>\n<meta property=\"og:site_name\" content=\"Diliplast\" \/>\n<meta property=\"article:modified_time\" content=\"2025-10-15T12:30:00+00:00\" \/>\n<meta name=\"twitter:card\" content=\"summary_large_image\" \/>\n<meta name=\"twitter:label1\" content=\"Est. reading time\" \/>\n\t<meta name=\"twitter:data1\" content=\"5 minutes\" \/>\n<script type=\"application\/ld+json\" class=\"yoast-schema-graph\">{\"@context\":\"https:\/\/schema.org\",\"@graph\":[{\"@type\":\"WebPage\",\"@id\":\"https:\/\/www.diliplast.it\/en\/production-coffe-capsules\/dilimio-compatible-capsules-for-a-modo-mio\/\",\"url\":\"https:\/\/www.diliplast.it\/en\/production-coffe-capsules\/dilimio-compatible-capsules-for-a-modo-mio\/\",\"name\":\"Production of empty A Modo Mio\u00ae compatible coffee capsules\",\"isPartOf\":{\"@id\":\"https:\/\/www.diliplast.it\/#website\"},\"datePublished\":\"2025-09-18T10:30:55+00:00\",\"dateModified\":\"2025-10-15T12:30:00+00:00\",\"description\":\"Empty coffee capsules compatible with all major A Modo Mio\u00ae coffee machines. Made from durable, food-safe material.\",\"breadcrumb\":{\"@id\":\"https:\/\/www.diliplast.it\/en\/production-coffe-capsules\/dilimio-compatible-capsules-for-a-modo-mio\/#breadcrumb\"},\"inLanguage\":\"en-US\",\"potentialAction\":[{\"@type\":\"ReadAction\",\"target\":[\"https:\/\/www.diliplast.it\/en\/production-coffe-capsules\/dilimio-compatible-capsules-for-a-modo-mio\/\"]}]},{\"@type\":\"BreadcrumbList\",\"@id\":\"https:\/\/www.diliplast.it\/en\/production-coffe-capsules\/dilimio-compatible-capsules-for-a-modo-mio\/#breadcrumb\",\"itemListElement\":[{\"@type\":\"ListItem\",\"position\":1,\"name\":\"Home\",\"item\":\"https:\/\/www.diliplast.it\/en\/\"},{\"@type\":\"ListItem\",\"position\":2,\"name\":\"Coffee capsules\",\"item\":\"https:\/\/www.diliplast.it\/en\/production-coffe-capsules\/\"},{\"@type\":\"ListItem\",\"position\":3,\"name\":\"Dilimio\"}]},{\"@type\":\"WebSite\",\"@id\":\"https:\/\/www.diliplast.it\/#website\",\"url\":\"https:\/\/www.diliplast.it\/\",\"name\":\"Diliplast\",\"description\":\"Stampaggio plastiche e capsule caff\u00e8\",\"potentialAction\":[{\"@type\":\"SearchAction\",\"target\":{\"@type\":\"EntryPoint\",\"urlTemplate\":\"https:\/\/www.diliplast.it\/?s={search_term_string}\"},\"query-input\":{\"@type\":\"PropertyValueSpecification\",\"valueRequired\":true,\"valueName\":\"search_term_string\"}}],\"inLanguage\":\"en-US\"}]}<\/script>\n<!-- \/ Yoast SEO plugin. -->","yoast_head_json":{"title":"Production of empty A Modo Mio\u00ae compatible coffee capsules","description":"Empty coffee capsules compatible with all major A Modo Mio\u00ae coffee machines. Made from durable, food-safe material.","robots":{"index":"index","follow":"follow","max-snippet":"max-snippet:-1","max-image-preview":"max-image-preview:large","max-video-preview":"max-video-preview:-1"},"canonical":"https:\/\/www.diliplast.it\/en\/production-coffe-capsules\/dilimio-compatible-capsules-for-a-modo-mio\/","og_locale":"en_US","og_type":"article","og_title":"Production of empty A Modo Mio\u00ae compatible coffee capsules","og_description":"Empty coffee capsules compatible with all major A Modo Mio\u00ae coffee machines. Made from durable, food-safe material.","og_url":"https:\/\/www.diliplast.it\/en\/production-coffe-capsules\/dilimio-compatible-capsules-for-a-modo-mio\/","og_site_name":"Diliplast","article_modified_time":"2025-10-15T12:30:00+00:00","twitter_card":"summary_large_image","twitter_misc":{"Est. reading time":"5 minutes"},"schema":{"@context":"https:\/\/schema.org","@graph":[{"@type":"WebPage","@id":"https:\/\/www.diliplast.it\/en\/production-coffe-capsules\/dilimio-compatible-capsules-for-a-modo-mio\/","url":"https:\/\/www.diliplast.it\/en\/production-coffe-capsules\/dilimio-compatible-capsules-for-a-modo-mio\/","name":"Production of empty A Modo Mio\u00ae compatible coffee capsules","isPartOf":{"@id":"https:\/\/www.diliplast.it\/#website"},"datePublished":"2025-09-18T10:30:55+00:00","dateModified":"2025-10-15T12:30:00+00:00","description":"Empty coffee capsules compatible with all major A Modo Mio\u00ae coffee machines. Made from durable, food-safe material.","breadcrumb":{"@id":"https:\/\/www.diliplast.it\/en\/production-coffe-capsules\/dilimio-compatible-capsules-for-a-modo-mio\/#breadcrumb"},"inLanguage":"en-US","potentialAction":[{"@type":"ReadAction","target":["https:\/\/www.diliplast.it\/en\/production-coffe-capsules\/dilimio-compatible-capsules-for-a-modo-mio\/"]}]},{"@type":"BreadcrumbList","@id":"https:\/\/www.diliplast.it\/en\/production-coffe-capsules\/dilimio-compatible-capsules-for-a-modo-mio\/#breadcrumb","itemListElement":[{"@type":"ListItem","position":1,"name":"Home","item":"https:\/\/www.diliplast.it\/en\/"},{"@type":"ListItem","position":2,"name":"Coffee capsules","item":"https:\/\/www.diliplast.it\/en\/production-coffe-capsules\/"},{"@type":"ListItem","position":3,"name":"Dilimio"}]},{"@type":"WebSite","@id":"https:\/\/www.diliplast.it\/#website","url":"https:\/\/www.diliplast.it\/","name":"Diliplast","description":"Stampaggio plastiche e capsule caff\u00e8","potentialAction":[{"@type":"SearchAction","target":{"@type":"EntryPoint","urlTemplate":"https:\/\/www.diliplast.it\/?s={search_term_string}"},"query-input":{"@type":"PropertyValueSpecification","valueRequired":true,"valueName":"search_term_string"}}],"inLanguage":"en-US"}]}},"_links":{"self":[{"href":"https:\/\/www.diliplast.it\/en\/wp-json\/wp\/v2\/pages\/900","targetHints":{"allow":["GET"]}}],"collection":[{"href":"https:\/\/www.diliplast.it\/en\/wp-json\/wp\/v2\/pages"}],"about":[{"href":"https:\/\/www.diliplast.it\/en\/wp-json\/wp\/v2\/types\/page"}],"author":[{"embeddable":true,"href":"https:\/\/www.diliplast.it\/en\/wp-json\/wp\/v2\/users\/2"}],"replies":[{"embeddable":true,"href":"https:\/\/www.diliplast.it\/en\/wp-json\/wp\/v2\/comments?post=900"}],"version-history":[{"count":4,"href":"https:\/\/www.diliplast.it\/en\/wp-json\/wp\/v2\/pages\/900\/revisions"}],"predecessor-version":[{"id":1134,"href":"https:\/\/www.diliplast.it\/en\/wp-json\/wp\/v2\/pages\/900\/revisions\/1134"}],"up":[{"embeddable":true,"href":"https:\/\/www.diliplast.it\/en\/wp-json\/wp\/v2\/pages\/858"}],"wp:attachment":[{"href":"https:\/\/www.diliplast.it\/en\/wp-json\/wp\/v2\/media?parent=900"}],"curies":[{"name":"wp","href":"https:\/\/api.w.org\/{rel}","templated":true}]}}